{"id":665,"date":"2026-02-17T18:31:15","date_gmt":"2026-02-17T18:31:15","guid":{"rendered":"https:\/\/abogadosponcemedina.com\/?page_id=665"},"modified":"2026-02-25T10:47:23","modified_gmt":"2026-02-25T10:47:23","slug":"mateo-merino-calleja","status":"publish","type":"page","link":"https:\/\/abogadosponcemedina.com\/?page_id=665","title":{"rendered":"MATEO MORENO CALLEJA"},"content":{"rendered":"\n<div class=\"wp-block-group alignfull nfd-container nfd-my-0 nfd-p-lg nfd-bg-gray-800 has-white-color has-text-color is-layout-constrained wp-container-core-group-is-layout-94518ee4 wp-block-group-is-layout-constrained\" style=\"margin-top:0;margin-bottom:0;padding-right:0;padding-left:0\">\n<div class=\"wp-block-group nfd-text-sm md:nfd-justify-start is-content-justification-center is-nowrap is-layout-flex wp-container-core-group-is-layout-2a553e81 wp-block-group-is-layout-flex\">\n<div class=\"wp-block-group is-nowrap is-layout-flex wp-container-core-group-is-layout-0844f5dc wp-block-group-is-layout-flex\">\n<figure class=\"wp-block-gallery has-nested-images columns-default is-cropped wp-block-gallery-1 is-layout-flex wp-block-gallery-is-layout-flex\">\n<figure class=\"wp-block-image size-full is-style-rounded\" style=\"margin-right:10rem;margin-left:10rem\"><img fetchpriority=\"high\" decoding=\"async\" width=\"1499\" height=\"2249\" data-id=\"521\" src=\"https:\/\/abogadosponcemedina.com\/wp-content\/uploads\/2026\/02\/SUBIR.png\" alt=\"\" class=\"wp-image-521\" srcset=\"https:\/\/abogadosponcemedina.com\/wp-content\/uploads\/2026\/02\/SUBIR.png 1499w, https:\/\/abogadosponcemedina.com\/wp-content\/uploads\/2026\/02\/SUBIR-200x300.png 200w, https:\/\/abogadosponcemedina.com\/wp-content\/uploads\/2026\/02\/SUBIR-683x1024.png 683w, https:\/\/abogadosponcemedina.com\/wp-content\/uploads\/2026\/02\/SUBIR-768x1152.png 768w, https:\/\/abogadosponcemedina.com\/wp-content\/uploads\/2026\/02\/SUBIR-1024x1536.png 1024w, https:\/\/abogadosponcemedina.com\/wp-content\/uploads\/2026\/02\/SUBIR-1365x2048.png 1365w, https:\/\/abogadosponcemedina.com\/wp-content\/uploads\/2026\/02\/SUBIR-1170x1755.png 1170w\" sizes=\"(max-width: 1499px) 100vw, 1499px\" \/><\/figure>\n<\/figure>\n\n\n\n<p> Director<\/p>\n<\/div>\n<\/div>\n\n\n\n<p class=\"has-text-regular-color has-text-color has-link-color wp-elements-ec79630e0b13e254d54c604071606a45\">Abogado &#8211; Responsable \u00e1rea de Extranjer\u00eda.<\/p>\n<\/div>\n\n\n\n<p class=\"justificado\">Abogado colegiado n\u00ba 142882 del Ilustre Colegio de la Abogac\u00eda de Madrid. Graduado en Derecho por la Universidad Carlos III de Madrid y M\u00e1ster de Acceso a la Abogac\u00eda por la Universidad de Alcal\u00e1.<\/p>\n\n\n\n<p class=\"justificado\">Forma parte del equipo de Ponce Medina Abogados, donde desarrolla su pr\u00e1ctica profesional en las \u00e1reas de Derecho Penal, Derecho Laboral y Extranjer\u00eda. Cuenta con una s\u00f3lida formaci\u00f3n jur\u00eddica y una preparaci\u00f3n t\u00e9cnica orientada al an\u00e1lisis estrat\u00e9gico de cada asunto, abordando los casos con rigor, dedicaci\u00f3n y un enfoque integral.<\/p>\n\n\n\n<p class=\"justificado\">Su ejercicio profesional se basa en la defensa firme de los intereses de sus clientes, la atenci\u00f3n personalizada y la b\u00fasqueda de soluciones eficaces, tanto en v\u00eda extrajudicial como en sede judicial. Destaca por su compromiso, capacidad de estudio detallado de cada expediente y trato cercano, garantizando acompa\u00f1amiento constante y transparencia en todas las fases del procedimiento.<\/p>\n","protected":false},"excerpt":{"rendered":"<p>Director Abogado &#8211; Responsable \u00e1rea de Extranjer\u00eda. Abogado colegiado n\u00ba 142882 del Ilustre Colegio de la Abogac\u00eda de Madrid. Graduado en Derecho por la Universidad Carlos III de Madrid y M\u00e1ster de Acceso a la Abogac\u00eda por la Universidad de Alcal\u00e1. Forma parte del equipo de Ponce Medina Abogados, donde desarrolla su pr\u00e1ctica profesional en [&hellip;]<\/p>\n","protected":false},"author":1,"featured_media":0,"parent":0,"menu_order":0,"comment_status":"closed","ping_status":"closed","template":"","meta":{"footnotes":""},"class_list":["post-665","page","type-page","status-publish","hentry"],"_links":{"self":[{"href":"https:\/\/abogadosponcemedina.com\/index.php?rest_route=\/wp\/v2\/pages\/665","targetHints":{"allow":["GET"]}}],"collection":[{"href":"https:\/\/abogadosponcemedina.com\/index.php?rest_route=\/wp\/v2\/pages"}],"about":[{"href":"https:\/\/abogadosponcemedina.com\/index.php?rest_route=\/wp\/v2\/types\/page"}],"author":[{"embeddable":true,"href":"https:\/\/abogadosponcemedina.com\/index.php?rest_route=\/wp\/v2\/users\/1"}],"replies":[{"embeddable":true,"href":"https:\/\/abogadosponcemedina.com\/index.php?rest_route=%2Fwp%2Fv2%2Fcomments&post=665"}],"version-history":[{"count":5,"href":"https:\/\/abogadosponcemedina.com\/index.php?rest_route=\/wp\/v2\/pages\/665\/revisions"}],"predecessor-version":[{"id":705,"href":"https:\/\/abogadosponcemedina.com\/index.php?rest_route=\/wp\/v2\/pages\/665\/revisions\/705"}],"wp:attachment":[{"href":"https:\/\/abogadosponcemedina.com\/index.php?rest_route=%2Fwp%2Fv2%2Fmedia&parent=665"}],"curies":[{"name":"wp","href":"https:\/\/api.w.org\/{rel}","templated":true}]}}