{"id":663,"date":"2026-02-17T18:26:32","date_gmt":"2026-02-17T18:26:32","guid":{"rendered":"https:\/\/abogadosponcemedina.com\/?page_id=663"},"modified":"2026-02-25T10:46:49","modified_gmt":"2026-02-25T10:46:49","slug":"marisol-ponce-pena-2","status":"publish","type":"page","link":"https:\/\/abogadosponcemedina.com\/?page_id=663","title":{"rendered":"MARISOL PONCE PE\u00d1A"},"content":{"rendered":"\n<div class=\"wp-block-group alignfull nfd-container nfd-my-0 nfd-p-lg nfd-bg-gray-800 has-white-color has-text-color is-layout-constrained wp-container-core-group-is-layout-94518ee4 wp-block-group-is-layout-constrained\" style=\"margin-top:0;margin-bottom:0;padding-right:0;padding-left:0\">\n<div class=\"wp-block-group nfd-text-sm md:nfd-justify-start is-content-justification-center is-nowrap is-layout-flex wp-container-core-group-is-layout-2a553e81 wp-block-group-is-layout-flex\">\n<div class=\"wp-block-group is-nowrap is-layout-flex wp-container-core-group-is-layout-0844f5dc wp-block-group-is-layout-flex\">\n<figure class=\"wp-block-gallery has-nested-images columns-default is-cropped wp-block-gallery-1 is-layout-flex wp-block-gallery-is-layout-flex\">\n<figure class=\"wp-block-image size-full is-style-rounded\" style=\"margin-right:10rem;margin-left:10rem\"><img fetchpriority=\"high\" decoding=\"async\" width=\"1440\" height=\"2160\" data-id=\"488\" src=\"https:\/\/abogadosponcemedina.com\/wp-content\/uploads\/2026\/02\/MARI-MEJORA-2.png\" alt=\"\" class=\"wp-image-488\" srcset=\"https:\/\/abogadosponcemedina.com\/wp-content\/uploads\/2026\/02\/MARI-MEJORA-2.png 1440w, https:\/\/abogadosponcemedina.com\/wp-content\/uploads\/2026\/02\/MARI-MEJORA-2-200x300.png 200w, https:\/\/abogadosponcemedina.com\/wp-content\/uploads\/2026\/02\/MARI-MEJORA-2-683x1024.png 683w, https:\/\/abogadosponcemedina.com\/wp-content\/uploads\/2026\/02\/MARI-MEJORA-2-768x1152.png 768w, https:\/\/abogadosponcemedina.com\/wp-content\/uploads\/2026\/02\/MARI-MEJORA-2-1024x1536.png 1024w, https:\/\/abogadosponcemedina.com\/wp-content\/uploads\/2026\/02\/MARI-MEJORA-2-1365x2048.png 1365w\" sizes=\"(max-width: 1440px) 100vw, 1440px\" \/><\/figure>\n<\/figure>\n\n\n\n<p> Director<\/p>\n<\/div>\n<\/div>\n\n\n\n<p class=\"has-text-regular-color has-text-color has-link-color wp-elements-2b925d9a1fccbbc11a7a8a1a0ff317af\">Abogada.<\/p>\n\n\n\n<p class=\"justificado has-text-regular-color has-text-color has-link-color wp-elements-8c87de016b00a7ac2aa68e2bd78521d7\">Abogada perteneciente al Ilustre Colegio de la Abogac\u00eda de Madrid. Graduada en Derecho en la prestigiosa Universidad Internacional de la Rioja (UNIR). Realiz\u00f3 el Master de Acceso a la Abogac\u00eda en UNIR, obteniendo amplios conocimientos en todos los campos del Derecho. Tambi\u00e9n Graduada en Derecho en la Universidad T\u00e9cnica Particular de Loja UTPL. Amplia experiencia en Civil- Familia, Laboral y Extranjer\u00eda; con capacidad para desarrollar estrategias de defensa y dominio de las leyes para resolver cada una de las situaciones planteadas por los\/as defendidos\/as.<\/p>\n<\/div>\n","protected":false},"excerpt":{"rendered":"<p>Director Abogada. Abogada perteneciente al Ilustre Colegio de la Abogac\u00eda de Madrid. Graduada en Derecho en la prestigiosa Universidad Internacional de la Rioja (UNIR). Realiz\u00f3 el Master de Acceso a la Abogac\u00eda en UNIR, obteniendo amplios conocimientos en todos los campos del Derecho. Tambi\u00e9n Graduada en Derecho en la Universidad T\u00e9cnica Particular de Loja UTPL. [&hellip;]<\/p>\n","protected":false},"author":1,"featured_media":0,"parent":0,"menu_order":0,"comment_status":"closed","ping_status":"closed","template":"","meta":{"footnotes":""},"class_list":["post-663","page","type-page","status-publish","hentry"],"_links":{"self":[{"href":"https:\/\/abogadosponcemedina.com\/index.php?rest_route=\/wp\/v2\/pages\/663","targetHints":{"allow":["GET"]}}],"collection":[{"href":"https:\/\/abogadosponcemedina.com\/index.php?rest_route=\/wp\/v2\/pages"}],"about":[{"href":"https:\/\/abogadosponcemedina.com\/index.php?rest_route=\/wp\/v2\/types\/page"}],"author":[{"embeddable":true,"href":"https:\/\/abogadosponcemedina.com\/index.php?rest_route=\/wp\/v2\/users\/1"}],"replies":[{"embeddable":true,"href":"https:\/\/abogadosponcemedina.com\/index.php?rest_route=%2Fwp%2Fv2%2Fcomments&post=663"}],"version-history":[{"count":3,"href":"https:\/\/abogadosponcemedina.com\/index.php?rest_route=\/wp\/v2\/pages\/663\/revisions"}],"predecessor-version":[{"id":704,"href":"https:\/\/abogadosponcemedina.com\/index.php?rest_route=\/wp\/v2\/pages\/663\/revisions\/704"}],"wp:attachment":[{"href":"https:\/\/abogadosponcemedina.com\/index.php?rest_route=%2Fwp%2Fv2%2Fmedia&parent=663"}],"curies":[{"name":"wp","href":"https:\/\/api.w.org\/{rel}","templated":true}]}}