{"id":3,"date":"2023-07-14T11:50:02","date_gmt":"2023-07-14T11:50:02","guid":{"rendered":"https:\/\/abogadosponcemedina.com\/?page_id=3"},"modified":"2026-02-25T10:49:30","modified_gmt":"2026-02-25T10:49:30","slug":"politica-de-privacidad","status":"publish","type":"page","link":"https:\/\/abogadosponcemedina.com\/?page_id=3","title":{"rendered":"POL\u00cdTICA DE PRIVACIDAD"},"content":{"rendered":"\n<p class=\"justificado has-lead-font-size\">El uso de nuestro sitio web (en adelante \u00abServicio\u00bb) depende de su aceptaci\u00f3n y cumplimiento de la  pol\u00edtica de privacidad de LPM (la \u00abPol\u00edtica de Privacidad\u00bb). <\/p>\n\n\n\n<p class=\"justificado has-lead-font-size\" style=\"border-style:none;border-width:0px;padding-right:0;padding-left:0\">A partir de la fecha de entrada en vigor de la pol\u00edtica, que se indica en el encabezado, esta declaraci\u00f3n de privacidad regula la recopilaci\u00f3n, el manejo y el uso de su informaci\u00f3n personal y no personal como  usuario del Servicio.<\/p>\n\n\n\n<p class=\"justificado has-lead-font-size\">LPM nunca vender\u00e1 ni entregar\u00e1 su informaci\u00f3n personal a terceros, y la compa\u00f1\u00eda siempre obtendr\u00e1 su permiso antes de usarla por cualquier otro motivo que no sea el especificado en esta declaraci\u00f3n de privacidad.<\/p>\n\n\n\n<p class=\"justificado has-lead-font-size\">LPM cumple con todas las leyes locales, nacionales y europeas aplicables y sus reglamentos de implementaci\u00f3n al procesar sus datos personales.<\/p>\n\n\n\n<p class=\"justificado has-lead-font-size\">Es por ello que toma las precauciones organizativas y t\u00e9cnicas necesarias para evitar la p\u00e9rdida, mal uso, alteraci\u00f3n, acceso no autorizado y robo de los datos personales facilitados. Siempre teniendo en cuenta su exposici\u00f3n al riesgo, el tipo de datos que manejan y el estado de la tecnolog\u00eda.<\/p>\n\n\n\n<p class=\"justificado has-lead-font-size\">Informaci\u00f3n reunida. Aunque puede utilizar el Servicio sin crear una cuenta de usuario, deber\u00e1 completar el formulario correspondiente si desea ponerse en contacto con nosotros. En consecuencia, habr\u00e1 variaciones en la informaci\u00f3n (personal o no personal) que recopila el Servicio. Recibiremos la informaci\u00f3n personal y no personal que el Servicio recopila de una de dos maneras: autom\u00e1tica o voluntariamente de usted.<\/p>\n\n\n\n<p class=\"justificado has-lead-font-size\">1) El que fue ensamblado mec\u00e1nicamente. Incluye cosas como la direcci\u00f3n IP desde la que se realiza la conexi\u00f3n, el tipo de dispositivo y sus especificaciones, la versi\u00f3n del sistema operativo, el tipo de navegador, el idioma, la fecha, el pa\u00eds, la hora de la solicitud, la URL de referencia. y (entre otras cosas) la red m\u00f3vil. Datos sobre el uso del servicio, incluidos los errores que se hayan podido descubrir. Datos sobre su ubicaci\u00f3n precisa utilizando diversas tecnolog\u00edas, como se\u00f1ales de GPS desde un dispositivo m\u00f3vil o conocimiento de las torres de telefon\u00eda m\u00f3vil o puntos de acceso Wi-Fi m\u00e1s cercanos. La configuraci\u00f3n de privacidad de su dispositivo determina c\u00f3mo se recopilan siempre estos datos.<\/p>\n\n\n\n<p class=\"justificado has-lead-font-size\">2) Informaci\u00f3n que usted proporcione voluntariamente, como su nombre, alias o direcci\u00f3n de correo electr\u00f3nico, que podr\u00e1 incluirse en los mensajes enviados a trav\u00e9s de los canales de contacto u opini\u00f3n habilitados en el Servicio. Usted reconoce que, si utiliza el correo electr\u00f3nico de otra persona, se lo proporcion\u00f3 con permiso.<\/p>\n\n\n\n<p class=\"has-lead-font-size\"><strong>Fines y derechos.<\/strong><\/p>\n\n\n\n<p class=\"justificado has-lead-font-size\">Recordamos que completar los formularios es opcional. Sin embargo, el uso del Servicio no ser\u00e1 posible o estar\u00e1 restringido si no completa los campos obligatorios (designados con un asterisco).<\/p>\n\n\n\n<p class=\"justificado has-lead-font-size\">La informaci\u00f3n personal que nos proporcione se agregar\u00e1 y procesar\u00e1 en los archivos propiedad de LPM para poder responder a sus solicitudes, brindarle el servicio que ha solicitado y mantenerlo actualizado sobre asuntos relacionados con las operaciones comerciales y servicios, particularmente en lo que respecta a procesos legales o de reclamaciones que la empresa haya iniciado.<\/p>\n\n\n\n<p class=\"justificado has-lead-font-size\">Usted podr\u00e1 en cualquier momento ejercer sus derechos de acceso, rectificaci\u00f3n, supresi\u00f3n y oposici\u00f3n respecto de sus datos personales enviando un correo electr\u00f3nico a info@abogadosponcemedina.com o dirigiendo un escrito a C\/ Teruel n\u00ba 11, Espacio Empresarial, Local 11B, 28020, Madrid. En ambos casos deber\u00e1s acreditar tu identificaci\u00f3n, incluyendo tu nombre y apellidos y copia de tu DNI u otra forma de identificaci\u00f3n.<\/p>\n\n\n\n<p class=\"justificado has-lead-font-size\">LPM se compromete a mantener la confidencialidad de la informaci\u00f3n recopilada en el archivo, utilizarla para los fines previstos, cumplir con su deber de custodia y tomar todas las precauciones necesarias para evitar la p\u00e9rdida, mal uso, alteraci\u00f3n o acceso no autorizado a la informaci\u00f3n. seg\u00fan lo exigen las leyes que se aplican a los datos.<\/p>\n\n\n\n<p class=\"has-lead-font-size\"><strong>Edad.<\/strong><\/p>\n\n\n\n<p class=\"justificado has-lead-font-size\">Usted declara que es mayor de edad y posee la capacidad necesaria para celebrar este acuerdo y utilizar nuestro sitio web de manera consistente con sus t\u00e9rminos y condiciones, los cuales comprende y reconoce plenamente. Usted afirma que toda la informaci\u00f3n que proporciona para acceder al Servicio, tanto antes como despu\u00e9s de usarlo, es verdadera, completa y precisa.<\/p>\n\n\n\n<p class=\"has-lead-font-size\"><strong>Uso de datos.<\/strong><\/p>\n\n\n\n<p class=\"justificado has-lead-font-size\">Para gestionar, prestar y actualizar el Servicio, LPM utilizar\u00e1 los datos recabados. Responder las consultas que le planteen.<\/p>\n\n\n\n<p class=\"justificado has-lead-font-size\">Enviarle nuestro bolet\u00edn informativo y\/u ofertas de nuestros socios comerciales por correo electr\u00f3nico, si nos ha dado permiso para hacerlo o seg\u00fan lo especificado en la normativa pertinente.<\/p>\n\n\n\n<p class=\"justificado has-lead-font-size\">Puedes optar por no recibirlos desde el correo electr\u00f3nico que recibiste, desde tu cuenta de usuario, o envi\u00e1ndonos un correo electr\u00f3nico a info@abogadosponcemedina.com. Sin embargo, no podr\u00e1s darte de baja de algunas de nuestras comunicaciones, como las que se refieren a la seguridad de tus datos o a los t\u00e9rminos y condiciones del Servicio.<\/p>\n\n\n\n<p class=\"justificado has-lead-font-size\">Planificar y desarrollar las actividades comerciales del Servicio, como la publicidad, ya sea directamente o con la ayuda de terceros cooperantes.<\/p>\n\n\n\n<p class=\"justificado has-lead-font-size\">Mantener la seguridad del Servicio, investigar actividades ilegales, respetar nuestros t\u00e9rminos y condiciones y ayudar a las fuerzas de seguridad del estado con sus investigaciones futuras son parte de nuestras responsabilidades.<\/p>\n\n\n\n<p class=\"justificado has-lead-font-size\">Del mismo modo, LPM podr\u00e1 mostrar a terceros datos agregados y an\u00f3nimos compuestos por informaci\u00f3n tanto personal como no personal de los usuarios. Los terceros tambi\u00e9n pueden recibir estad\u00edsticas y datos demogr\u00e1ficos sobre los usuarios y c\u00f3mo utilizan el Servicio. Estos terceros no podr\u00e1n identificarlo personalmente por nada. Se da acceso de esos datos a terceros.<\/p>\n\n\n\n<p class=\"justificado has-lead-font-size\">Una parte del Servicio es gestionada por terceros a los que LPM tambi\u00e9n les exige que respeten esta Pol\u00edtica de Privacidad en lo que se refiere a ellos. Pero LPM no estar\u00e1 a cargo de garantizar que se siga la pol\u00edtica. Cualquier dato personal recopilado puede, en ciertos casos, ser compartido, utilizado o almacenado por LPM con terceros, para poder ofrecer el servicio, a modo de ejemplo:<\/p>\n\n\n\n<p class=\"justificado has-lead-font-size\">Proveedores de servicios que llevan a cabo tareas en nuestro nombre, como alojamiento web, an\u00e1lisis de negocios, servicio al cliente o marketing. Estos proveedores de servicios pueden recopilar y acceder a la informaci\u00f3n seg\u00fan sea necesario para llevar a cabo sus deberes, pero no puede ser compartido ni utilizado de ninguna otra manera.<\/p>\n\n\n\n<p class=\"justificado has-lead-font-size\">Si consideramos que es un requisito razonable cumplir con cualquier ley, orden judicial o inter\u00e9s leg\u00edtimo en cualquier parte del mundo, trabajaremos con las autoridades correspondientes. En cualquier caso, s\u00f3lo le daremos la informaci\u00f3n que sea absolutamente necesaria.<\/p>\n\n\n\n<p class=\"justificado has-lead-font-size\">Si decidimos que hacerlo es necesario para hacer cumplir los t\u00e9rminos y condiciones de LPM. si es necesario, con el fin de identificar o detener fraudes o problemas con la seguridad de LPM, sus socios y usuarios.<\/p>\n\n\n\n<p class=\"has-lead-font-size\"><strong>Medidas de protecci\u00f3n.<\/strong><\/p>\n\n\n\n<p class=\"justificado has-lead-font-size\">LPM toma todas las precauciones organizativas y t\u00e9cnicas necesarias para garantizar la seguridad e integridad de la informaci\u00f3n personal y no personal recopilada. Contra tanto el acceso no autorizado como la modificaci\u00f3n, p\u00e9rdida o destrucci\u00f3n no intencionada.<\/p>\n\n\n\n<p class=\"justificado has-lead-font-size\">Las medidas de seguridad de la red electr\u00f3nica, como el protocolo SSL, se utilizan para proteger las transmisiones de datos que realiza a trav\u00e9s del Servicio. Asimismo, sistemas de seguridad custodian los datos suministrados y conservados en las bases de datos de LPM, impidiendo el acceso a los mismos por parte de personas no autorizadas.<\/p>\n\n\n\n<p class=\"justificado has-lead-font-size\">Para que estas medidas de seguridad funcionen de la manera m\u00e1s efectiva posible, LPM hace todo lo posible para mantener los sistemas m\u00e1s recientes. Adem\u00e1s, LPM conserva informaci\u00f3n tanto personal como no personal mientras la ley lo permita y lo exija. Peri\u00f3dicamente se destruye lo que ya no se necesita.<\/p>\n\n\n\n<p class=\"justificado has-lead-font-size\">Pese a lo anterior, LPM no puede garantizar que la informaci\u00f3n recopilada sea completamente segura; como resultado, siempre debe cooperar y tener cuidado al utilizar informaci\u00f3n compartida, especialmente cuando es personal, como cuando se rese\u00f1a un producto en p\u00fablico.<\/p>\n\n\n\n<p class=\"justificado has-lead-font-size\">Debe tener en cuenta que publica los datos bajo su propia responsabilidad en esas circunstancias. LPM no puede garantizar que personas no autorizadas no accedan a la informaci\u00f3n disponible p\u00fablicamente. Usted reconoce y comprende que, incluso despu\u00e9s de la eliminaci\u00f3n, es posible que a\u00fan se pueda acceder a la informaci\u00f3n personal y no personal en el cach\u00e9 o si otros usuarios la han copiado o guardado.<\/p>\n\n\n\n<p class=\"justificado has-lead-font-size\">Esta declaraci\u00f3n de privacidad puede actualizarse en el futuro. Le informaremos sobre los cambios envi\u00e1ndole un correo electr\u00f3nico a la direcci\u00f3n que proporcion\u00f3 y\/o publicando un aviso en un \u00e1rea destacada de nuestro sitio web.<\/p>\n\n\n\n<p class=\"has-lead-font-size\"><strong>Contacto<\/strong>.<\/p>\n\n\n\n<p class=\"justificado has-lead-font-size\">Cont\u00e1ctenos si tiene alguna pregunta sobre esta declaraci\u00f3n de privacidad, a <a href=\"mailto:info@abogadosponcemedina.com\">info@abogadosponcemedina.com<\/a> o en C\/ Teruel n\u00ba 11, Espacio Empresarial, local 11-B, 28020.<\/p>\n\n\n\n<p><\/p>\n","protected":false},"excerpt":{"rendered":"<p>El uso de nuestro sitio web (en adelante \u00abServicio\u00bb) depende de su aceptaci\u00f3n y cumplimiento de la pol\u00edtica de privacidad de LPM (la \u00abPol\u00edtica de Privacidad\u00bb). A partir de la fecha de entrada en vigor de la pol\u00edtica, que se indica en el encabezado, esta declaraci\u00f3n de privacidad regula la recopilaci\u00f3n, el manejo y el [&hellip;]<\/p>\n","protected":false},"author":1,"featured_media":0,"parent":0,"menu_order":0,"comment_status":"closed","ping_status":"closed","template":"","meta":{"footnotes":""},"class_list":["post-3","page","type-page","status-publish","hentry"],"_links":{"self":[{"href":"https:\/\/abogadosponcemedina.com\/index.php?rest_route=\/wp\/v2\/pages\/3","targetHints":{"allow":["GET"]}}],"collection":[{"href":"https:\/\/abogadosponcemedina.com\/index.php?rest_route=\/wp\/v2\/pages"}],"about":[{"href":"https:\/\/abogadosponcemedina.com\/index.php?rest_route=\/wp\/v2\/types\/page"}],"author":[{"embeddable":true,"href":"https:\/\/abogadosponcemedina.com\/index.php?rest_route=\/wp\/v2\/users\/1"}],"replies":[{"embeddable":true,"href":"https:\/\/abogadosponcemedina.com\/index.php?rest_route=%2Fwp%2Fv2%2Fcomments&post=3"}],"version-history":[{"count":7,"href":"https:\/\/abogadosponcemedina.com\/index.php?rest_route=\/wp\/v2\/pages\/3\/revisions"}],"predecessor-version":[{"id":707,"href":"https:\/\/abogadosponcemedina.com\/index.php?rest_route=\/wp\/v2\/pages\/3\/revisions\/707"}],"wp:attachment":[{"href":"https:\/\/abogadosponcemedina.com\/index.php?rest_route=%2Fwp%2Fv2%2Fmedia&parent=3"}],"curies":[{"name":"wp","href":"https:\/\/api.w.org\/{rel}","templated":true}]}}