{"id":291,"date":"2023-11-19T21:25:50","date_gmt":"2023-11-19T21:25:50","guid":{"rendered":"https:\/\/abogadosponcemedina.com\/?page_id=291"},"modified":"2026-02-25T10:46:03","modified_gmt":"2026-02-25T10:46:03","slug":"__trashed","status":"publish","type":"page","link":"https:\/\/abogadosponcemedina.com\/?page_id=291","title":{"rendered":"LEONARDO PONCE MEDINA"},"content":{"rendered":"\n<div class=\"wp-block-group alignfull nfd-container nfd-my-0 nfd-p-lg nfd-bg-gray-800 has-white-color has-text-color is-layout-constrained wp-container-core-group-is-layout-94518ee4 wp-block-group-is-layout-constrained\" style=\"margin-top:0;margin-bottom:0;padding-right:0;padding-left:0\">\n<div class=\"wp-block-group nfd-text-sm md:nfd-justify-start is-content-justification-center is-nowrap is-layout-flex wp-container-core-group-is-layout-2a553e81 wp-block-group-is-layout-flex\">\n<div class=\"wp-block-group is-nowrap is-layout-flex wp-container-core-group-is-layout-0844f5dc wp-block-group-is-layout-flex\">\n<figure class=\"wp-block-gallery has-nested-images columns-default is-cropped wp-block-gallery-1 is-layout-flex wp-block-gallery-is-layout-flex\">\n<figure class=\"wp-block-image size-full is-style-rounded\" style=\"margin-right:10rem;margin-left:10rem\"><img fetchpriority=\"high\" decoding=\"async\" width=\"1360\" height=\"2040\" data-id=\"486\" src=\"https:\/\/abogadosponcemedina.com\/wp-content\/uploads\/2026\/02\/LEO-MEJORA.jpeg\" alt=\"\" class=\"wp-image-486\" srcset=\"https:\/\/abogadosponcemedina.com\/wp-content\/uploads\/2026\/02\/LEO-MEJORA.jpeg 1360w, https:\/\/abogadosponcemedina.com\/wp-content\/uploads\/2026\/02\/LEO-MEJORA-200x300.jpeg 200w, https:\/\/abogadosponcemedina.com\/wp-content\/uploads\/2026\/02\/LEO-MEJORA-683x1024.jpeg 683w, https:\/\/abogadosponcemedina.com\/wp-content\/uploads\/2026\/02\/LEO-MEJORA-768x1152.jpeg 768w, https:\/\/abogadosponcemedina.com\/wp-content\/uploads\/2026\/02\/LEO-MEJORA-1024x1536.jpeg 1024w\" sizes=\"(max-width: 1360px) 100vw, 1360px\" \/><\/figure>\n<\/figure>\n\n\n\n<p> Director<\/p>\n<\/div>\n<\/div>\n\n\n\n<p class=\"has-text-regular-color has-text-color has-link-color wp-elements-b0b9780d205d025f50c27bee25ba1773\">Abogado.<\/p>\n\n\n\n<p class=\"justificado has-text-regular-color has-text-color has-link-color wp-elements-c49222f97de23f60ef0bd21bcf880071\">Licenciado en Derecho por la Universidad Complutense de Madrid. Letrado del Ilustre Colegio de Madrid n\u00ba 118263, y del Turno de Oficio en distintas ramas del Derecho.<\/p>\n\n\n\n<p class=\"justificado has-text-regular-color has-text-color has-link-color wp-elements-2d9d370cdd315b5f7b9e6ce87009de4f\">Ha desempe\u00f1ado ampliamente su carrera profesional en todo el territorio nacional, adquiriendo una amplia experiencia tambi\u00e9n como Letrado de Baleares n\u00ba 6248, y su adscripci\u00f3n al turno de oficio de dicha comunidad.<br>Dada su gran vocaci\u00f3n en el Derecho, ha realizado distintos cursos y especializaciones, a modo de ejemplo:<\/p>\n\n\n\n<ul class=\"wp-block-list\">\n<li class=\"justificado\">Master especialista en el derecho penal- Centro de Estudios e Investigaciones Jur\u00eddicas (CEIJ).<\/li>\n\n\n\n<li class=\"justificado\">Curso de pr\u00e1ctica procesal Civil- Centro de estudios del Ilustre Colegio de Abogados de Madrid (ICAM)<\/li>\n\n\n\n<li>Curso de Violencia de Genero- CEIJ.<\/li>\n\n\n\n<li>Curso de asistencia al menor- CEIJ.<\/li>\n\n\n\n<li>Asistencia Letrada al detenido en dependencias policiales y judiciales \u2013 ICAM.<\/li>\n\n\n\n<li class=\"justificado\">Curso de especializaci\u00f3n en Derecho de Extranjeria- Centro de estudios del Ilustre Colegio de Abogados de Baleares (ICAIB).<\/li>\n\n\n\n<li>Curso turno de oficio especial en materia de Audiencia Nacional &#8211; ICAM.<\/li>\n\n\n\n<li class=\"justificado\">Curso de protecci\u00f3n a v\u00edctimas de discriminaci\u00f3n por diversidad sexual y de g\u00e9nero- ICAM.<\/li>\n\n\n\n<li>Curso de protecci\u00f3n internacional de refugiados y asilo \u2013 ICAM.<\/li>\n\n\n\n<li>Curso de especializaci\u00f3n en Derecho penitenciario &#8211; ICAIB.<\/li>\n\n\n\n<li>Asistencia Letrada al detenido en dependencias policiales y judiciales \u2013 ICAM.<\/li>\n\n\n\n<li>Cuestiones pr\u00e1cticas de la prueba en procesos de familia &#8211; ICAM<\/li>\n\n\n\n<li>Pensi\u00f3n de alimentos y ejecuci\u00f3n y gastos extraordinarios &#8211; ICAM<\/li>\n\n\n\n<li class=\"justificado\">Conferencia prueba digital procedimiento civil. Ilustre colegio de Abogados de Baleares.<\/li>\n\n\n\n<li>Protocolo de conformidades y oportunidad de las mismas. ICAM.<\/li>\n\n\n\n<li>Ley 4\/2015, Estatuto de V\u00edctima del delito- ICAM<\/li>\n\n\n\n<li>Los diez mandamientos de la prueba en el proceso penal-ICAM<\/li>\n\n\n\n<li>Derecho al olvido- ICAM.<\/li>\n\n\n\n<li>Casu\u00edstica pr\u00e1ctica de la conformidad en el proceso penal-ICAM.<\/li>\n\n\n\n<li>Reforma LECRIM- ICAM.<\/li>\n\n\n\n<li class=\"justificado\">Cuestiones practicas de la prueba en el proceso penal, especial referencia en la declaraci\u00f3n del acusado &#8211; ICAM.<\/li>\n\n\n\n<li>El delito de tr\u00e1fico de drogas &#8211; ICAM.<\/li>\n\n\n\n<li>RDL 6\/2023 Modificaciones en el proceso laboral &#8211; ICAM.<\/li>\n\n\n\n<li>Curso de turno de oficio especial Audiencia Provincial &#8211; ICAM.<\/li>\n\n\n\n<li class=\"justificado\">Curso de Protecc\u00edon a V\u00edctimas de Discriminaci\u00f3n por Diversidad Sexual y de G\u00e9nero &#8211; ICAM.<\/li>\n\n\n\n<li>Curso del procedimiento ante el Tribunal del Jurado &#8211; ICAM.<\/li>\n\n\n\n<li class=\"justificado\">Curso de experto en gesti\u00f3n de conflictos y mediaci\u00f3n civil-mercantil y familiar (Mediador inscrito en el Ministerio de Justicia)<\/li>\n<\/ul>\n\n\n\n<p class=\"justificado has-text-regular-color has-text-color has-link-color wp-elements-aad1757b616a8396976f5e44d1ec9a86\">Actualmente es miembro de la Asociaci\u00f3n Profesional de Abogados de Extranjer\u00eda de Madrid (APAEM), de la Asociaci\u00f3n de Defensa de la Abogac\u00eda (DEFENDA), y de la Asociaci\u00f3n J\u00f3venes Abogados de Madrid (AJA). Voluntario activo por la Comunidad Aut\u00f3noma de Madrid.<\/p>\n<\/div>\n","protected":false},"excerpt":{"rendered":"<p>Director Abogado. Licenciado en Derecho por la Universidad Complutense de Madrid. Letrado del Ilustre Colegio de Madrid n\u00ba 118263, y del Turno de Oficio en distintas ramas del Derecho. Ha desempe\u00f1ado ampliamente su carrera profesional en todo el territorio nacional, adquiriendo una amplia experiencia tambi\u00e9n como Letrado de Baleares n\u00ba 6248, y su adscripci\u00f3n al [&hellip;]<\/p>\n","protected":false},"author":1,"featured_media":0,"parent":0,"menu_order":0,"comment_status":"closed","ping_status":"closed","template":"","meta":{"footnotes":""},"class_list":["post-291","page","type-page","status-publish","hentry"],"_links":{"self":[{"href":"https:\/\/abogadosponcemedina.com\/index.php?rest_route=\/wp\/v2\/pages\/291","targetHints":{"allow":["GET"]}}],"collection":[{"href":"https:\/\/abogadosponcemedina.com\/index.php?rest_route=\/wp\/v2\/pages"}],"about":[{"href":"https:\/\/abogadosponcemedina.com\/index.php?rest_route=\/wp\/v2\/types\/page"}],"author":[{"embeddable":true,"href":"https:\/\/abogadosponcemedina.com\/index.php?rest_route=\/wp\/v2\/users\/1"}],"replies":[{"embeddable":true,"href":"https:\/\/abogadosponcemedina.com\/index.php?rest_route=%2Fwp%2Fv2%2Fcomments&post=291"}],"version-history":[{"count":14,"href":"https:\/\/abogadosponcemedina.com\/index.php?rest_route=\/wp\/v2\/pages\/291\/revisions"}],"predecessor-version":[{"id":703,"href":"https:\/\/abogadosponcemedina.com\/index.php?rest_route=\/wp\/v2\/pages\/291\/revisions\/703"}],"wp:attachment":[{"href":"https:\/\/abogadosponcemedina.com\/index.php?rest_route=%2Fwp%2Fv2%2Fmedia&parent=291"}],"curies":[{"name":"wp","href":"https:\/\/api.w.org\/{rel}","templated":true}]}}