{"id":201,"date":"2023-09-28T20:19:43","date_gmt":"2023-09-28T20:19:43","guid":{"rendered":"https:\/\/abogadosponcemedina.com\/?page_id=201"},"modified":"2026-02-25T10:59:02","modified_gmt":"2026-02-25T10:59:02","slug":"aviso-legal","status":"publish","type":"page","link":"https:\/\/abogadosponcemedina.com\/?page_id=201","title":{"rendered":"AVISO LEGAL"},"content":{"rendered":"\n<p class=\"has-text-align-left justificado has-lead-font-size\" style=\"border-style:none;border-width:0px;padding-top:0;padding-right:0;padding-bottom:0;padding-left:0\">I. Propiedad.<br>El titular del dominio web es el profesional del Derecho D. Leonardo Ponce Medina (en adelante LPM), NIF 52058162P, domicilio de notificaciones en el despacho profesional abierto al p\u00fablico sito en C\/ Teruel n\u00b0 11 (Espacio Comercial) Local 11-B, Madrid, CP 28020.<\/p>\n\n\n\n<p class=\"justificado has-lead-font-size\" style=\"padding-top:var(--wp--preset--spacing--20);padding-right:0;padding-bottom:var(--wp--preset--spacing--20);padding-left:0\">Puede contactar con nosotros a trav\u00e9s de info@abogoadosponcemedina.com<\/p>\n\n\n\n<p class=\"justificado has-lead-font-size\" style=\"padding-top:var(--wp--preset--spacing--20);padding-right:0;padding-bottom:var(--wp--preset--spacing--20);padding-left:0\">II. Aceptaci\u00f3n.<br>Cualquier usuario puede acceder a este sitio web para fines propios y son de aplicaci\u00f3n a este sitio web los t\u00e9rminos de este aviso Legal, Pol\u00edtica de Privacidad y Pol\u00edtica de Cookies.<br>Cuando lo utiliza, acepta los t\u00e9rminos y est\u00e1 de acuerdo con todo lo aqu\u00ed descrito. Es<br>importante leer este texto atentamente para comprenderlo. Tambi\u00e9n acepta no utilizar<br>este sitio para ning\u00fan prop\u00f3sito ilegal.<\/p>\n\n\n\n<p class=\"justificado has-lead-font-size\" style=\"padding-top:var(--wp--preset--spacing--20);padding-right:0;padding-bottom:var(--wp--preset--spacing--20);padding-left:0\">III. Objeto del servicio<br>Este sitio web ha sido creado con finalidad informativa y para uso personal del usuario.<br>Este aviso legal tiene como objetivo regular el acceso y uso de este sitio web, as\u00ed como la relaci\u00f3n entre el sitio web y sus usuarios.<br>El acceso a este sitio es bajo riesgo exclusivo del usuario y la informaci\u00f3n que nos proporcione a trav\u00e9s del mismo debe ser precisa.<br>Usted declara que toda la informaci\u00f3n que proporciona para acceder al servicio, antes y durante su uso, es verdadera, completa y precisa.<br>El acceso a trav\u00e9s del formulario de contacto que le facilitamos, as\u00ed como los datos que nos facilite, ser\u00e1n confidenciales y ser\u00e1n tratados de conformidad con la normativa vigente en materia de protecci\u00f3n de datos de car\u00e1cter personal.<\/p>\n\n\n\n<p class=\"has-text-align-left justificado has-lead-font-size\" style=\"border-style:none;border-width:0px;padding-top:0;padding-right:0;padding-bottom:0;padding-left:0\">IV. Enlaces externos<br>Esta web podr\u00e1 llevarlo a otros sitios a trav\u00e9s de enlaces, pero no tenemos control<br>sobre esos sitios web ni su contenido; de hecho, est\u00e1n sujetos a sus propios t\u00e9rminos y condiciones. Por lo tanto, LPM no es responsable de la calidad, seguridad o exactitud de estos sitios.<\/p>\n\n\n\n<p class=\"has-text-align-left justificado has-lead-font-size\" style=\"border-style:none;border-width:0px;padding-top:0;padding-right:0;padding-bottom:0;padding-left:0\">V. Propiedad intelectual e industrial<br>El contenido y la informaci\u00f3n de los Servicios (incluidos, entre otros: datos, texto,<br>sonido, im\u00e1genes o c\u00f3digo inform\u00e1tico), as\u00ed como la infraestructura utilizada para<br>proporcionar el contenido y la informaci\u00f3n.<br>Esta informaci\u00f3n es propiedad de LPM o cuenta con la autorizaci\u00f3n correspondiente.<br>para usarlo.<br>Adem\u00e1s, est\u00e1 prohibido el almacenamiento, compilaci\u00f3n inversa, ingenier\u00eda inversa,<br>modificaci\u00f3n, copia, reproducci\u00f3n, distribuci\u00f3n, venta, reventa y otras formas de<br>explotaci\u00f3n comercial o su equivalente para otros servicios.<br>Cualquier otro uso del contenido de los servicios requiere nuestro consentimiento<br>previo por escrito.<\/p>\n\n\n\n<p class=\"justificado has-lead-font-size\" style=\"border-style:none;border-width:0px;padding-top:0;padding-right:0;padding-bottom:0;padding-left:0\">VI. Cambios de circunstancias.<br>Las Condiciones de Uso, las Cookies contenidas en las mismas o la Pol\u00edtica de Privacidad podr\u00e1n modificarse en cualquier momento. Intentaremos notificarle estos cambios y publicarlos en un sitio web relevante para que pueda ser notificado, pero le recomendamos que lea estos t\u00e9rminos peri\u00f3dicamente para que usted, el usuario, pueda ser notificado de manera proactiva.<\/p>\n\n\n\n<p class=\"justificado has-lead-font-size\" style=\"padding-top:var(--wp--preset--spacing--20);padding-right:0;padding-bottom:var(--wp--preset--spacing--20);padding-left:0\">VII. Ley aplicable y jurisdicci\u00f3n<br>En caso de cualquier discrepancia relacionada con los servicios de este sitio web, se aplicar\u00e1 la ley espa\u00f1ola y si, a pesar de nuestros esfuerzos por resolver dichas discrepancias, no podemos resolverlas, todas las disputas ser\u00e1n competencia del Juzgado de Madrid capital.<\/p>\n\n\n\n<p><\/p>\n","protected":false},"excerpt":{"rendered":"<p>I. Propiedad.El titular del dominio web es el profesional del Derecho D. Leonardo Ponce Medina (en adelante LPM), NIF 52058162P, domicilio de notificaciones en el despacho profesional abierto al p\u00fablico sito en C\/ Teruel n\u00b0 11 (Espacio Comercial) Local 11-B, Madrid, CP 28020. Puede contactar con nosotros a trav\u00e9s de info@abogoadosponcemedina.com II. Aceptaci\u00f3n.Cualquier usuario puede [&hellip;]<\/p>\n","protected":false},"author":1,"featured_media":0,"parent":0,"menu_order":0,"comment_status":"closed","ping_status":"closed","template":"","meta":{"footnotes":""},"class_list":["post-201","page","type-page","status-publish","hentry"],"_links":{"self":[{"href":"https:\/\/abogadosponcemedina.com\/index.php?rest_route=\/wp\/v2\/pages\/201","targetHints":{"allow":["GET"]}}],"collection":[{"href":"https:\/\/abogadosponcemedina.com\/index.php?rest_route=\/wp\/v2\/pages"}],"about":[{"href":"https:\/\/abogadosponcemedina.com\/index.php?rest_route=\/wp\/v2\/types\/page"}],"author":[{"embeddable":true,"href":"https:\/\/abogadosponcemedina.com\/index.php?rest_route=\/wp\/v2\/users\/1"}],"replies":[{"embeddable":true,"href":"https:\/\/abogadosponcemedina.com\/index.php?rest_route=%2Fwp%2Fv2%2Fcomments&post=201"}],"version-history":[{"count":13,"href":"https:\/\/abogadosponcemedina.com\/index.php?rest_route=\/wp\/v2\/pages\/201\/revisions"}],"predecessor-version":[{"id":715,"href":"https:\/\/abogadosponcemedina.com\/index.php?rest_route=\/wp\/v2\/pages\/201\/revisions\/715"}],"wp:attachment":[{"href":"https:\/\/abogadosponcemedina.com\/index.php?rest_route=%2Fwp%2Fv2%2Fmedia&parent=201"}],"curies":[{"name":"wp","href":"https:\/\/api.w.org\/{rel}","templated":true}]}}