{"id":199,"date":"2023-09-28T20:17:59","date_gmt":"2023-09-28T20:17:59","guid":{"rendered":"https:\/\/abogadosponcemedina.com\/?page_id=199"},"modified":"2026-02-25T10:55:49","modified_gmt":"2026-02-25T10:55:49","slug":"politica-de-proteccion-de-datos","status":"publish","type":"page","link":"https:\/\/abogadosponcemedina.com\/?page_id=199","title":{"rendered":"POL\u00cdTICA DE PROTECCI\u00d3N DE DATOS"},"content":{"rendered":"\n<p class=\"justificado has-lead-font-size\">La directiva de LPM (en adelante, el Responsable del tratamiento) es responsable y se compromete a implementar, hacer cumplir y proteger esta Pol\u00edtica de protecci\u00f3n de datos y garantizar el control continuo del Responsable del tratamiento con el objetivo de lograr intereses relacionados con el cumplimiento de la Directiva 2016\/679 del Parlamento Europeo y del Consejo, de 27 de abril de 2016, relativa a la protecci\u00f3n de las personas f\u00edsicas en lo que respecta al tratamiento de datos personales y a dicha libertad de informaci\u00f3n y por la que se deroga la Directiva 95\/46\/CE. (Reglamento General de Protecci\u00f3n de Datos) (DOUE L 119\/1, 05-04-2016) y legislaci\u00f3n espa\u00f1ola relativa a la protecci\u00f3n de las personas f\u00edsicas (ley org\u00e1nica, legislaci\u00f3n espec\u00edfica del sector y su legislaci\u00f3n de desarrollo).<br>La pol\u00edtica de protecci\u00f3n de datos de LPM se basa en el principio de responsabilidad formal, seg\u00fan el cual el responsable del tratamiento es responsable del cumplimiento de las leyes y reglamentos que rigen la pol\u00edtica y puede declarar ante las autoridades.<\/p>\n\n\n\n<p class=\"justificado has-lead-font-size\">En este proceso, los administradores de datos se adhieren a los siguientes principios, que deben proporcionar a todos los empleados una gu\u00eda y un marco para el procesamiento de datos personales:<\/p>\n\n\n\n<ol class=\"wp-block-list\">\n<li class=\"justificado has-lead-font-size\">Proteger los datos desde el dise\u00f1o: Los requisitos t\u00e9cnicos y de gesti\u00f3n, como la seudonimizaci\u00f3n, tienen como objetivo hacer un buen uso de los m\u00e9todos de protecci\u00f3n de datos, como la reducci\u00f3n de datos, e introducir las variables necesarias a la hora de comprender las condiciones de trabajo y la reorganizaci\u00f3n.<\/li>\n\n\n\n<li class=\"justificado has-lead-font-size\">Protecci\u00f3n de datos por defecto: El responsable del tratamiento utiliza medidas t\u00e9cnicas y de gesti\u00f3n para garantizar que los datos personales necesarios para cualquier finalidad del tratamiento se procesen por defecto.<\/li>\n\n\n\n<li class=\"justificado has-lead-font-size\">Protecci\u00f3n de datos en los sistemas de informaci\u00f3n: Medidas para garantizar la protecci\u00f3n de los  datos personales en todo el sistema de informaci\u00f3n.<\/li>\n\n\n\n<li class=\"justificado has-lead-font-size\">Equidad, Integridad y Transparencia: La informaci\u00f3n personal se procesar\u00e1 de manera legal, justa y transparente para cada interesado.<\/li>\n\n\n\n<li class=\"justificado has-lead-font-size\">Fines Restringidos: Los datos personales se recopilan para fines espec\u00edficos, expl\u00edcitos y precisos y no ser\u00e1n procesados \u200b\u200bde forma diferente a las indicadas.<\/li>\n\n\n\n<li class=\"justificado\">Limitaci\u00f3n de datos: Los datos personales se limitar\u00e1n en la medida necesaria en relaci\u00f3n con los fines para los que son tratados.<\/li>\n\n\n\n<li class=\"justificado has-lead-font-size\">Precisi\u00f3n: los datos personales son precisos y se actualizan cuando es necesario; para los fines especificados, tomaremos todas las medidas razonables para verificar o corregir sus datos incorrectos sin demora.<\/li>\n\n\n\n<li class=\"justificado has-lead-font-size\">Limitaci\u00f3n del tiempo de conservaci\u00f3n: Los datos personales se almacenan de forma que permita la identificaci\u00f3n de los interesados \u200b\u200by se conservan por un per\u00edodo superior al per\u00edodo durante el cual tienen acceso a los datos personales.<\/li>\n\n\n\n<li class=\"justificado has-lead-font-size\">Integridad y Confidencialidad: Los datos personales ser\u00e1n procesados \u200b\u200bpara proteger los datos personales, incluso contra el acceso no autorizado o no autorizado, as\u00ed como contra p\u00e9rdida, da\u00f1o o destrucci\u00f3n accidental, utilizando tecnolog\u00eda o gesti\u00f3n adecuada.<\/li>\n\n\n\n<li class=\"justificado has-lead-font-size\">Educaci\u00f3n y capacitaci\u00f3n: Uno de los principales factores para garantizar la protecci\u00f3n de los datos personales es la provisi\u00f3n de capacitaci\u00f3n y educaci\u00f3n a los trabajadores involucrados en el procesamiento. Durante este per\u00edodo de notificaci\u00f3n, todo el personal con acceso a los datos recibir\u00e1 la capacitaci\u00f3n adecuada y ser\u00e1 informado de sus responsabilidades en el cumplimiento de las leyes de protecci\u00f3n de datos.<br>La pol\u00edtica de protecci\u00f3n de datos de LPM se remite a todos los responsables y a todos los interesados. <br>Esta pol\u00edtica de protecci\u00f3n de datos se aplica por lo tanto a todo el personal implicado, quienes deben comprender, considerar y considerar, cada miembro es responsable de utilizar y verificar las leyes de protecci\u00f3n de datos que obran en su poder, desempe\u00f1o, e identificar y brindar oportunidades de mejora para lograr la excelencia en el cumplimiento de lo referido. La direcci\u00f3n de LPM revisar\u00e1 esta pol\u00edtica cuando sea necesario para cumplir con los procedimientos de protecci\u00f3n de datos vigentes en todo momento.<\/li>\n<\/ol>\n","protected":false},"excerpt":{"rendered":"<p>La directiva de LPM (en adelante, el Responsable del tratamiento) es responsable y se compromete a implementar, hacer cumplir y proteger esta Pol\u00edtica de protecci\u00f3n de datos y garantizar el control continuo del Responsable del tratamiento con el objetivo de lograr intereses relacionados con el cumplimiento de la Directiva 2016\/679 del Parlamento Europeo y del [&hellip;]<\/p>\n","protected":false},"author":1,"featured_media":0,"parent":0,"menu_order":0,"comment_status":"closed","ping_status":"closed","template":"","meta":{"footnotes":""},"class_list":["post-199","page","type-page","status-publish","hentry"],"_links":{"self":[{"href":"https:\/\/abogadosponcemedina.com\/index.php?rest_route=\/wp\/v2\/pages\/199","targetHints":{"allow":["GET"]}}],"collection":[{"href":"https:\/\/abogadosponcemedina.com\/index.php?rest_route=\/wp\/v2\/pages"}],"about":[{"href":"https:\/\/abogadosponcemedina.com\/index.php?rest_route=\/wp\/v2\/types\/page"}],"author":[{"embeddable":true,"href":"https:\/\/abogadosponcemedina.com\/index.php?rest_route=\/wp\/v2\/users\/1"}],"replies":[{"embeddable":true,"href":"https:\/\/abogadosponcemedina.com\/index.php?rest_route=%2Fwp%2Fv2%2Fcomments&post=199"}],"version-history":[{"count":4,"href":"https:\/\/abogadosponcemedina.com\/index.php?rest_route=\/wp\/v2\/pages\/199\/revisions"}],"predecessor-version":[{"id":711,"href":"https:\/\/abogadosponcemedina.com\/index.php?rest_route=\/wp\/v2\/pages\/199\/revisions\/711"}],"wp:attachment":[{"href":"https:\/\/abogadosponcemedina.com\/index.php?rest_route=%2Fwp%2Fv2%2Fmedia&parent=199"}],"curies":[{"name":"wp","href":"https:\/\/api.w.org\/{rel}","templated":true}]}}