{"id":197,"date":"2023-09-28T20:15:13","date_gmt":"2023-09-28T20:15:13","guid":{"rendered":"https:\/\/abogadosponcemedina.com\/?page_id=197"},"modified":"2026-02-25T10:51:05","modified_gmt":"2026-02-25T10:51:05","slug":"politica-de-ventas-y-cancelacion-devolucion","status":"publish","type":"page","link":"https:\/\/abogadosponcemedina.com\/?page_id=197","title":{"rendered":"POL\u00cdTICA DE VENTAS Y CANCELACI\u00d3N \/ DEVOLUCI\u00d3N"},"content":{"rendered":"\n<p class=\"justificado has-lead-font-size\">Pol\u00edtica de ventas y Cancelaciones- devoluciones. El responsable de este sitio web, es gestionado y propiedad de LPM, de conformidad con la Ley 34\/2002 de servicios de la sociedad de la informaci\u00f3n y de correo electr\u00f3nico. Datos fiscales: Leonardo Ponce Medina. NIF: 52058162P. C\/ Teruel n\u00ba 11 espacio empresarial, local 11B, 28020 Madrid. Informaci\u00f3n en www.abogadosponcemedina.com.<\/p>\n\n\n\n<p class=\"justificado has-lead-font-size\">PROCESO. El usuario o cliente tendr\u00e1 acceso al servicio de pago online para pagar los servicios jur\u00eddicos que pueda solicitar en el sitio web www.abogadosponcemedina.com <\/p>\n\n\n\n<p class=\"justificado has-lead-font-size\">Recibir\u00e1 una confirmaci\u00f3n de pago una vez realizado el pago. A trav\u00e9s de nuestro TPV virtual y pasarela de pago REDSYS, los clientes podr\u00e1n realizar pagos online con tarjetas de cr\u00e9dito. En caso de duda, el usuario puede enviar un correo electr\u00f3nico a info@abogadosponcemedina.com o llamar al tel\u00e9fono 646184834.<\/p>\n\n\n\n<p class=\"justificado has-lead-font-size\">POL\u00cdTICA DE DEVOLUCIONES. Antes de la efectiva prestaci\u00f3n de los servicios contratados, el usuario tiene derecho a cancelar y solicitar la devoluci\u00f3n del importe abonado, siempre que, concurra negligencia o no se haya prestado efectivamente el servicio, la cancelaci\u00f3n proceder\u00e1 una vez que se haya producido conforme a las normas del Colegio Profesional de Abogados de Madrid.<br>Las cancelaciones de servicios deber\u00e1n realizarse por escrito y presentarse v\u00eda correo electr\u00f3nico a info@abogadosponcemedina.com al menos cinco (5) horas antes de la hora prevista. No se aceptan cancelaciones anunciadas por cualquier otro medio o con menos tiempo de antelaci\u00f3n al requerido.<br>Junto con el nombre, apellido, fecha e informaci\u00f3n de contacto, este correo electr\u00f3nico debe incluir todos los detalles del pago.<br>Dentro de los cinco d\u00edas naturales siguientes a la solicitud de cancelaci\u00f3n, se emitir\u00e1 un reembolso en forma de transferencia electr\u00f3nica a la cuenta del solicitante.<\/p>\n\n\n\n<p class=\"justificado has-lead-font-size\">POL\u00cdTICA DE SUSTITUCI\u00d3N. Nadie m\u00e1s podr\u00e1 asumir la condici\u00f3n de cliente si la persona que realiz\u00f3 el contrato decide que no quiere realizarlo llegado el momento acordado del servicio. No se podr\u00e1 sustituir al contratante por otro por un cambio de opini\u00f3n, o sustituir el servicio por otro distinto al contratado e informado.<\/p>\n\n\n\n<p class=\"justificado has-lead-font-size\">POL\u00cdTICA DE ANULACI\u00d3N. Por circunstancias atenuantes, normas contrarias a la ley o normas \u00e9ticas del Ilustre Colegio de Abogados de Madrid o de la abogac\u00eda, LPM se reserva el derecho de retrasar o cancelar el servicio solicitado.<\/p>\n","protected":false},"excerpt":{"rendered":"<p>Pol\u00edtica de ventas y Cancelaciones- devoluciones. El responsable de este sitio web, es gestionado y propiedad de LPM, de conformidad con la Ley 34\/2002 de servicios de la sociedad de la informaci\u00f3n y de correo electr\u00f3nico. Datos fiscales: Leonardo Ponce Medina. NIF: 52058162P. C\/ Teruel n\u00ba 11 espacio empresarial, local 11B, 28020 Madrid. Informaci\u00f3n en [&hellip;]<\/p>\n","protected":false},"author":1,"featured_media":0,"parent":0,"menu_order":0,"comment_status":"closed","ping_status":"closed","template":"","meta":{"footnotes":""},"class_list":["post-197","page","type-page","status-publish","hentry"],"_links":{"self":[{"href":"https:\/\/abogadosponcemedina.com\/index.php?rest_route=\/wp\/v2\/pages\/197","targetHints":{"allow":["GET"]}}],"collection":[{"href":"https:\/\/abogadosponcemedina.com\/index.php?rest_route=\/wp\/v2\/pages"}],"about":[{"href":"https:\/\/abogadosponcemedina.com\/index.php?rest_route=\/wp\/v2\/types\/page"}],"author":[{"embeddable":true,"href":"https:\/\/abogadosponcemedina.com\/index.php?rest_route=\/wp\/v2\/users\/1"}],"replies":[{"embeddable":true,"href":"https:\/\/abogadosponcemedina.com\/index.php?rest_route=%2Fwp%2Fv2%2Fcomments&post=197"}],"version-history":[{"count":5,"href":"https:\/\/abogadosponcemedina.com\/index.php?rest_route=\/wp\/v2\/pages\/197\/revisions"}],"predecessor-version":[{"id":709,"href":"https:\/\/abogadosponcemedina.com\/index.php?rest_route=\/wp\/v2\/pages\/197\/revisions\/709"}],"wp:attachment":[{"href":"https:\/\/abogadosponcemedina.com\/index.php?rest_route=%2Fwp%2Fv2%2Fmedia&parent=197"}],"curies":[{"name":"wp","href":"https:\/\/api.w.org\/{rel}","templated":true}]}}