{"id":178,"date":"2023-09-28T19:07:57","date_gmt":"2023-09-28T19:07:57","guid":{"rendered":"https:\/\/abogadosponcemedina.com\/?page_id=178"},"modified":"2026-02-25T10:44:44","modified_gmt":"2026-02-25T10:44:44","slug":"jurisdiccion-social-ambito-laboral","status":"publish","type":"page","link":"https:\/\/abogadosponcemedina.com\/?page_id=178","title":{"rendered":"JURISDICCI\u00d3N SOCIAL- AMBITO LABORAL."},"content":{"rendered":"\n<p class=\"justificado\">En PM Abogados ofrecemos asesoramiento jur\u00eddico laboral especializado, prestando asistencia tanto a empresas como a particulares en todo tipo de procedimientos ante la Jurisdicci\u00f3n Social.<\/p>\n\n\n\n<p class=\"justificado\">El \u00e1mbito laboral exige una actuaci\u00f3n \u00e1gil y precisa, debido a la brevedad de los plazos procesales y a la importancia de una correcta estrategia desde el primer momento. Por ello, contar con profesionales con experiencia y formaci\u00f3n espec\u00edfica en la materia resulta esencial para la adecuada defensa de los derechos e intereses en conflicto.<\/p>\n\n\n\n<p class=\"justificado\">Acompa\u00f1amos a nuestros clientes en todas las fases del procedimiento, ofreciendo soluciones personalizadas, an\u00e1lisis detallado del caso y una defensa t\u00e9cnica s\u00f3lida, tanto en v\u00eda extrajudicial como judicial.<\/p>\n\n\n\n<p><strong>\u00c1REAS DE ACTUACI\u00d3N<\/strong><\/p>\n\n\n\n<ul class=\"wp-block-list\">\n<li>Despidos<\/li>\n\n\n\n<li>Reclamaciones de cantidad<\/li>\n\n\n\n<li>Sanciones laborales<\/li>\n\n\n\n<li>Vulneraci\u00f3n de derechos fundamentales<\/li>\n\n\n\n<li>Modificaci\u00f3n de condiciones de trabajo<\/li>\n\n\n\n<li>Incapacidades laborales<\/li>\n\n\n\n<li>Conciliaciones<\/li>\n\n\n\n<li>Jubilaci\u00f3n y prestaciones<\/li>\n<\/ul>\n","protected":false},"excerpt":{"rendered":"<p>En PM Abogados ofrecemos asesoramiento jur\u00eddico laboral especializado, prestando asistencia tanto a empresas como a particulares en todo tipo de procedimientos ante la Jurisdicci\u00f3n Social. El \u00e1mbito laboral exige una actuaci\u00f3n \u00e1gil y precisa, debido a la brevedad de los plazos procesales y a la importancia de una correcta estrategia desde el primer momento. Por [&hellip;]<\/p>\n","protected":false},"author":1,"featured_media":0,"parent":0,"menu_order":0,"comment_status":"closed","ping_status":"closed","template":"","meta":{"footnotes":""},"class_list":["post-178","page","type-page","status-publish","hentry"],"_links":{"self":[{"href":"https:\/\/abogadosponcemedina.com\/index.php?rest_route=\/wp\/v2\/pages\/178","targetHints":{"allow":["GET"]}}],"collection":[{"href":"https:\/\/abogadosponcemedina.com\/index.php?rest_route=\/wp\/v2\/pages"}],"about":[{"href":"https:\/\/abogadosponcemedina.com\/index.php?rest_route=\/wp\/v2\/types\/page"}],"author":[{"embeddable":true,"href":"https:\/\/abogadosponcemedina.com\/index.php?rest_route=\/wp\/v2\/users\/1"}],"replies":[{"embeddable":true,"href":"https:\/\/abogadosponcemedina.com\/index.php?rest_route=%2Fwp%2Fv2%2Fcomments&post=178"}],"version-history":[{"count":4,"href":"https:\/\/abogadosponcemedina.com\/index.php?rest_route=\/wp\/v2\/pages\/178\/revisions"}],"predecessor-version":[{"id":702,"href":"https:\/\/abogadosponcemedina.com\/index.php?rest_route=\/wp\/v2\/pages\/178\/revisions\/702"}],"wp:attachment":[{"href":"https:\/\/abogadosponcemedina.com\/index.php?rest_route=%2Fwp%2Fv2%2Fmedia&parent=178"}],"curies":[{"name":"wp","href":"https:\/\/api.w.org\/{rel}","templated":true}]}}